{"id":1461,"date":"2026-03-17T10:19:08","date_gmt":"2026-03-17T10:19:08","guid":{"rendered":"https:\/\/happyjokerscasino.org\/aplicacion\/"},"modified":"2026-03-17T12:48:45","modified_gmt":"2026-03-17T12:48:45","slug":"app","status":"publish","type":"page","link":"https:\/\/happyjokerscasino.org\/de\/app\/","title":{"rendered":"App"},"content":{"rendered":"<h1>Happyjokers App<\/h1>\n<p>Die Happyjokers App ist die einfachste M\u00f6glichkeit, unser Casino auf Ihrem Smartphone, Tablet oder Computer immer griffbereit zu haben. Wir betreiben sie als Progressive Web App (PWA), was bedeutet, dass Sie eine Verkn\u00fcpfung in Ihrem Browser hinzuf\u00fcgen und Happyjokers in einem app\u00e4hnlichen Fenster starten k\u00f6nnen. Spieler, die zwischen kurzen mobilen Sessions und l\u00e4ngeren Desktop-Spielen wechseln, sch\u00e4tzen es, dass sie mit demselben Konto auf allen Ger\u00e4ten spielen k\u00f6nnen.<\/p>\n<div class=\"banner-wrap\" aria-label=\"Banner\"><img src=\"https:\/\/happyjokerscasino.org\/wp-content\/uploads\/2026\/03\/Happyjokers-Banner-Desktop.webp\" class=\"w-100 d-none d-lg-block img-pc main-banner-img\" alt=\"welcome bonus desktop\" fetchpriority=\"high\" decoding=\"async\"><img src=\"https:\/\/happyjokerscasino.org\/wp-content\/uploads\/2026\/03\/Happyjokers-Banner-mobile.webp\" class=\"w-100 d-none d-md-block d-lg-none main-banner-img\" alt=\"welcome bonus mobile\" fetchpriority=\"high\" decoding=\"async\"><img src=\"https:\/\/happyjokerscasino.org\/wp-content\/uploads\/2026\/03\/Happyjokers-Banner-mobile.webp\" class=\"w-100 d-md-none\" alt=\"welcome bonus mobile\" fetchpriority=\"high\" decoding=\"async\"><div class=\"banner-description\">\n<div class=\"banner-title\">Willkommensboni<\/div>\n<p class=\"banner-header-title\">1500\u20ac<\/p>\n<div class=\"banner-header-AdditionalText\">+ 250 Freispiele<\/div>\n<div><\/div>\n<div class=\"m-button-content\"><button data-item=\"homepage_banner_link\" class=\"goto m-button m-gradient-border m-button--primary m-button--large banner-button btn-orange\">\n            <div class=\"m-button-content\">\n                <span>Jetzt anmelden<\/span>\n                <span><\/span>\n            <\/div>\n        <\/button><\/div>\n<p>&nbsp;<\/p>\n<\/div>\n<div class=\"WelcomePack\">\n<p><img loading=\"lazy\" decoding=\"async\" class=\"alignnone size-full wp-image-1428\" src=\"https:\/\/happyjokerscasino.org\/wp-content\/uploads\/2026\/03\/welcome-crown.png\" alt=\"welcome crown\" width=\"25\" height=\"26\" \/><\/p>\n<div class=\"WelcomePack-Info\">W\u00f6chentlicher Cashback von bis zu 25 %<\/div>\n<p><img loading=\"lazy\" decoding=\"async\" class=\"alignnone size-full wp-image-1428\" src=\"https:\/\/happyjokerscasino.org\/wp-content\/uploads\/2026\/03\/welcome-crown.png\" alt=\"welcome crown\" width=\"25\" height=\"26\" \/><\/p>\n<\/div>\n<\/div>\n<h2>Vorteile und Funktionen der Happyjokers App<\/h2>\n<p>Sobald Sie die Verkn\u00fcpfung hinzugef\u00fcgt haben, \u00e4ndert sich das Spielerlebnis in einigen praktischen Punkten. Sie spielen weiterhin im Happy Jokers Casino, aber das App-Format macht es einfacher, t\u00e4gliche Spielsitzungen zu starten, zu unterbrechen und fortzusetzen. Vom ersten Start an fallen drei Dinge sofort auf:<\/p>\n<ol>\n<li>Angepasste Benutzeroberfl\u00e4che: Die mobile Version \u00f6ffnet sich in einem eigenen Fenster. Dieser kleine Unterschied ist wichtiger, als es klingt. Die Casino-Sitzung bleibt separat, sodass Sie leichter zwischen der Lobby, den Werbeaktionen und Ihrem Kontobereich wechseln k\u00f6nnen, ohne den \u00dcberblick zu verlieren. Spieler, die h\u00e4ufig zwischen Titeln wechseln, bemerken dies sofort, da die Navigation vorhersehbar bleibt.<\/li>\n<li>App-Gr\u00f6\u00dfe: Die App bleibt schlank. Sie m\u00fcssen kein gro\u00dfes Paket installieren und sich nicht mit Store-Updates herumschlagen. Nach Ihrem ersten Besuch speichert die Happy Jokers Verkn\u00fcpfung eine kleine Menge an Cache-Daten, wodurch Men\u00fcs und Lobby-Seiten bei Ihrer R\u00fcckkehr schneller geladen werden. Spiele und Kassenaktionen sind weiterhin auf eine aktive Verbindung angewiesen, daher ist ein stabiles Netzwerk besonders wichtig, wenn Sie l\u00e4ngere Spielsitzungen absolvieren oder Transaktionen durchf\u00fchren.<\/li>\n<li>Sessions\u00fcbergreifende Erfahrung: Die Verkn\u00fcpfung sorgt daf\u00fcr, dass der Wechsel zwischen Ger\u00e4ten ganz nat\u00fcrlich erscheint. Sie k\u00f6nnen eine Session auf dem Handy beginnen und sp\u00e4ter dieselbe Anwendung auf einem Laptop \u00f6ffnen, ohne \u201evon vorne anfangen\u201c zu m\u00fcssen. Ihr Happyjokers Login, Ihre Einstellungen und Ihre Account-Tools bleiben an denselben Stellen, was den Wechsel von einer schnellen Handy-Session zu einer komfortableren Desktop-Konfiguration vereinfacht.<\/li>\n<\/ol>\n<p>Wir haben auch die Sicherheit und die Kontokontrolle in die Software integriert. Sie k\u00f6nnen Profildetails verwalten, den Aktivit\u00e4tsverlauf einsehen und zus\u00e4tzliche Schutzma\u00dfnahmen wie 2FA (Zwei-Faktor-Authentifizierung) an derselben Stelle aktivieren, die Sie auch zum Spielen verwenden. Wenn Spieler zwischen Ger\u00e4ten wechseln, folgen diese Einstellungen dem Konto und nicht dem Bildschirm.<\/p>\n<p><div class=\"scrollable-content-wrap my-5\"><div class=\"scrollable-content-inner\"><h2>Happyjokers App f\u00fcr Android<\/h2>\n<p>Android sorgt daf\u00fcr, dass sich die PWA fast wie eine herk\u00f6mmliche Anwendung anf\u00fchlt. Sobald Sie die Verkn\u00fcpfung in Chrome hinzugef\u00fcgt haben, \u00f6ffnen Sie Happyjokers \u00fcber ein Symbol auf dem Startbildschirm, anstatt den Browser zu verwenden. Das Fenster im App-Stil h\u00e4lt die Sitzung an einem Ort, und mit der Zur\u00fcck-Taste von Android k\u00f6nnen Sie sich bewegen, ohne den Fluss zu unterbrechen.<\/p>\n<p>Wenn Sie in kurzen Spielrunden spielen, sorgt das Symbol auf Ihrem Startbildschirm daf\u00fcr, dass Sie sofort wieder zum Spiel zur\u00fcckkehren k\u00f6nnen.<\/p>\n<p>Einige Spielformate f\u00fchlen sich auf Android besonders nat\u00fcrlich an. Crash-Titel passen zum Schnellspiel-Stil, da die Runden schnell abgewickelt werden und die Steuerung einfach bleibt. Titel wie Plinko und Spaceman eignen sich gut, wenn Sie ein paar entscheidende Runden ohne lange Einrichtungszeit spielen m\u00f6chten. Slots f\u00fchlen sich auch im Hochformat angenehm an, und die Suchfunktion hilft Ihnen, schnell zu einem bestimmten Titel oder Anbieter zu springen.<\/p>\n<p>Einige Benutzer suchen nach Happyjokers APK, aber Sie ben\u00f6tigen hier keine APK. Die PWA-Verkn\u00fcpfung bietet Ihnen denselben Zugriff mit einem Fingertipp, ohne dass eine separate Installationsdatei erforderlich ist.<\/p>\n<p><img loading=\"lazy\" decoding=\"async\" src=\"https:\/\/happyjokerscasino.org\/wp-content\/uploads\/2026\/03\/HappyJokers-Android.webp\" alt=\"HappyJokers Android\" width=\"1248\" height=\"536\" \/><\/p>\n<\/div><\/div><div style=\"clear: both\"><\/div><div class=\"d-flex justify-content-center\"><button data-item=\"decouvrez_link\" data-group=\"website_links\" class=\"goto fw-bold rounded-pill btn btn-orange\" aria-label=\"Laden Sie die HappyJokers-App herunter\" >Laden Sie die HappyJokers-App herunter<\/button><\/div><div class=\"scrollable-content-wrap my-5\"><div class=\"scrollable-content-inner\"><h2>Mobile Anwendung f\u00fcr iOS<\/h2>\n<p>Unter iOS bietet Safari den einfachsten Weg zur Verkn\u00fcpfung. Sie f\u00fcgen Happy Jokers \u00fcber das Men\u00fc \u201eTeilen\u201c zu Ihrem Startbildschirm hinzu und starten es dann wie eine App. Das Ergebnis ist \u00fcbersichtlich und konsistent: ein fokussiertes Fenster, ein vertrautes Layout und ein schneller Weg zur\u00fcck zur Lobby.<\/p>\n<p>iPhone-Nutzer bevorzugen oft Titel, die im Hochformat lesbar bleiben. Slots und Instant-Titel eignen sich gut, wenn Sie mit einer Hand spielen m\u00f6chten, und die Benutzeroberfl\u00e4che h\u00e4lt die wichtigsten Schaltfl\u00e4chen in Reichweite. Ein iPad bietet Ihnen zus\u00e4tzlichen Komfort f\u00fcr Live-Spiele, da der Bildschirm Platz f\u00fcr Videos und Seitenleisten bietet, ohne dass Sie st\u00e4ndig scrollen m\u00fcssen.<\/p>\n<p>Wir behalten den Kernablauf unter iOS bei: Durchsuchen Sie die Happyjokers Lobby, suchen Sie nach Spielnamen oder Anbietern und nutzen Sie die Kasse vom selben Konto aus. Spieler, die zwischen iOS und Desktop wechseln, m\u00fcssen die Navigation nicht neu erlernen, was wichtig ist, wenn Sie eine reibungslose R\u00fcckkehrsitzung w\u00fcnschen, anstatt jedes Mal neu anzufangen.<\/p>\n<p><img loading=\"lazy\" decoding=\"async\" src=\"https:\/\/happyjokerscasino.org\/wp-content\/uploads\/2026\/03\/HappyJokers-iOS.webp\" alt=\"HappyJokers iOS\" width=\"1248\" height=\"536\" \/><\/p>\n<\/div><\/div><div style=\"clear: both\"><\/div><div class=\"d-flex justify-content-center\"><button data-item=\"decouvrez_link\" data-group=\"website_links\" class=\"goto fw-bold rounded-pill btn btn-orange\" aria-label=\"HappyJokers herunterladen\" >HappyJokers herunterladen<\/button><\/div><div class=\"scrollable-content-wrap my-5\"><div class=\"scrollable-content-inner\"><h2>Spielen Sie Happyjokers auf Mac oder Windows<\/h2>\n<p>Desktop-Benutzer k\u00f6nnen Happy Jokers auch wie eine App behandeln. Viele moderne Browser erm\u00f6glichen die Installation einer PWA, die ein eigenes Fenster und eine Verkn\u00fcpfung erstellt, die Sie an Ihr Dock, Ihre Taskleiste oder Ihren Desktop anheften k\u00f6nnen. Durch diese Einrichtung bleibt das Casino von Ihren Arbeits-Tabs und dem t\u00e4glichen Surfen getrennt.<\/p>\n<p>Ein gr\u00f6\u00dferer Bildschirm ver\u00e4ndert das Komfortempfinden. Live-Dealer-Titel f\u00fchlen sich auf dem Desktop oft besser an, da Video und Steuerelemente mehr Platz haben. Spiele wie Lightning Roulette und Crazy Time profitieren ebenfalls von der breiteren Ansicht, wenn Sie einen m\u00f6glichst klaren \u00dcberblick \u00fcber das Layout und die Seitenleisten haben m\u00f6chten.<\/p>\n<p>Ein Desktop hilft auch beim Surfen. Sie k\u00f6nnen lange Listen schneller \u00fcberfliegen, die Tastatursuche verwenden und die Lobby ge\u00f6ffnet lassen, w\u00e4hrend Sie in einem zweiten Fenster eine Aktionsseite \u00fcberpr\u00fcfen. Spieler, die gerne Anbieter vergleichen, neue Kategorien erkunden oder Regeln lesen, ohne st\u00e4ndig scrollen zu m\u00fcssen, bevorzugen diese Einrichtung.<\/p>\n<p><img loading=\"lazy\" decoding=\"async\" src=\"https:\/\/happyjokerscasino.org\/wp-content\/uploads\/2026\/03\/HappyJokers-Desktop.webp\" alt=\"HappyJokers Desktop\" width=\"1248\" height=\"536\" \/><\/p>\n<\/div><\/div><div style=\"clear: both\"><\/div><div class=\"d-flex justify-content-center\"><button data-item=\"decouvrez_link\" data-group=\"website_links\" class=\"goto fw-bold rounded-pill btn btn-orange\" aria-label=\"Laden Sie die HappyJokers-App herunter\" >Laden Sie die HappyJokers-App herunter<\/button><\/div><div class=\"scrollable-content-wrap my-5\"><div class=\"scrollable-content-inner\"><h2>So installieren Sie die Happyjokers App auf jedem Ger\u00e4t<\/h2>\n<p>Die Installation beginnt auf unserer offiziellen Plattform und dauert etwa eine Minute.<\/p>\n<ol>\n<li>\u00d6ffnen Sie Happyjokers in Ihrem Browser.<\/li>\n<li>Tippen Sie unter Android in Chrome auf das Drei-Punkte-Men\u00fc, w\u00e4hlen Sie \u201eZum Startbildschirm hinzuf\u00fcgen\u201c und best\u00e4tigen Sie.<\/li>\n<li>Tippen Sie unter iOS in Safari auf die Schaltfl\u00e4che \u201eTeilen\u201c, w\u00e4hlen Sie \u201eZum Startbildschirm hinzuf\u00fcgen\u201c und best\u00e4tigen Sie.<\/li>\n<li>Tippen Sie auf das Happy Jokers Symbol, um das App-Fenster zu \u00f6ffnen.<\/li>\n<li>Verwenden Sie auf Mac oder Windows die Installationsoption Ihres Browsers, falls verf\u00fcgbar, oder erstellen Sie eine Verkn\u00fcpfung und heften Sie diese an die Stelle, an der Sie Ihre t\u00e4glich verwendeten Apps speichern.<\/li>\n<li>Melden Sie sich an und beginnen Sie zu spielen.<\/li>\n<\/ol>\n<h3>Was Sie zur Installation der Happyjokers App ben\u00f6tigen<\/h3>\n<p>Da die Happyjokers App als PWA \u00fcber Ihren Browser ausgef\u00fchrt wird, m\u00fcssen Sie kein umfangreiches Installationsprogramm herunterladen. Mit einigen grundlegenden Einstellungen stellen Sie sicher, dass die Verkn\u00fcpfung korrekt installiert wird und die Sitzung w\u00e4hrend des Spiels und der Kassiervorg\u00e4nge stabil bleibt.<\/p>\n<table>\n<tbody>\n<tr>\n<td>Anforderungen<\/td>\n<td>Details<\/td>\n<td>Warum es wichtig ist<\/td>\n<\/tr>\n<tr>\n<td>Browser, der PWA-Verkn\u00fcpfungen unterst\u00fctzt<\/p>\n<p>&nbsp;<\/td>\n<td>Verwenden Sie eine aktuelle Version von Chrome f\u00fcr Android, Safari f\u00fcr iOS oder Firefox<\/td>\n<td>Wenn der Browser veraltet ist, wird \u201eZum Startbildschirm hinzuf\u00fcgen\u201c m\u00f6glicherweise nicht angezeigt oder die Verkn\u00fcpfung wird wie ein normaler Tab ge\u00f6ffnet<\/td>\n<\/tr>\n<tr>\n<td>Verbindung, die nicht unterbrochen wird<\/p>\n<p>&nbsp;<\/td>\n<td>WLAN ist die einfachste Option, aber auch eine starke Mobilfunkverbindung funktioniert<\/td>\n<td>Bei Live-Spielen und Kassiervorg\u00e4ngen kommt es zu einem schwachen Signal: Seiten werden neu geladen, Videos ruckeln und Aktionen dauern l\u00e4nger<\/td>\n<\/tr>\n<tr>\n<td>JavaScript aktiviert<\/td>\n<td>Lassen Sie es in den Browsereinstellungen aktiviert<\/td>\n<td>Ohne diese Einstellung kann das App-Fenster nur teilweise geladen werden und die Startschaltfl\u00e4chen f\u00fcr Titel reagieren m\u00f6glicherweise nicht wie erwartet<\/td>\n<\/tr>\n<tr>\n<td>Cookies und Website-Daten sind zugelassen<\/td>\n<td>Vermeiden Sie strenge Blockierungen und den privaten Modus f\u00fcr das t\u00e4gliche Spielen<\/td>\n<td>Dadurch bleiben Sie angemeldet und die Verkn\u00fcpfung verh\u00e4lt sich wie eine App, anstatt die Sitzung zu \u201evergessen\u201c.<\/td>\n<\/tr>\n<tr>\n<td>Ein wenig freier Speicherplatz<\/td>\n<td>Die Verkn\u00fcpfung speichert nach dem ersten Besuch einen kleinen Cache.<\/td>\n<td>Der Cache sorgt f\u00fcr schnellere Wiederholungsbesuche, insbesondere wenn Sie die Lobby und die Men\u00fcs erneut \u00f6ffnen<\/td>\n<\/tr>\n<tr>\n<td>Aktualisiertes Betriebssystem<\/td>\n<td>Eine aktuelle Android- oder iOS-Version<\/td>\n<td>Neuere Systeme verarbeiten Sicherheitsupdates besser und reduzieren zuf\u00e4llige St\u00f6rungen w\u00e4hrend l\u00e4ngerer Sitzungen<\/td>\n<\/tr>\n<\/tbody>\n<\/table>\n<h2>FAQ<\/h2>\n<h3>Bietet die Happyjokers Casino-App Kundensupport?<\/h3>\n<p>Ja. Wir sind rund um die Uhr per Live-Chat und E-Mail erreichbar. Der Chat ist die schnellste Option; E-Mails eignen sich besser, wenn Sie Details wie einen Screenshot oder eine Zahlungsreferenz senden m\u00f6chten.<\/p>\n<h3>Sind alle Spiele in der App verf\u00fcgbar?<\/h3>\n<p>Ja. Die Happyjokers Verkn\u00fcpfung \u00f6ffnet dieselbe Lobby wie in der Desktop-Version. Wenn Sie eine langsame Verbindung haben, k\u00f6nnen einige Live-Tische auf einem gr\u00f6\u00dferen Bildschirm fl\u00fcssiger laufen, aber die Auswahl bleibt dieselbe.<\/p>\n<h3>Wie kann ich die Happy Jokers App aktualisieren?<\/h3>\n<p>Sie aktualisieren sie nicht wie eine Store-App. \u00d6ffnen Sie die Happy Jokers Verkn\u00fcpfung, und Sie befinden sich auf der neuesten Version. Wenn etwas h\u00e4ngen bleibt, schlie\u00dfen Sie das App-Fenster vollst\u00e4ndig und \u00f6ffnen Sie es erneut. Immer noch seltsam? Leeren Sie den Browser-Cache f\u00fcr Happyjokers und starten Sie die Verkn\u00fcpfung erneut.<\/p>\n<h3>Wie unterscheidet sich eine PWA von einer herk\u00f6mmlichen Casino-App?<\/h3>\n<p>Eine herk\u00f6mmliche App ist ein separater Download, den Sie \u00fcber einen App-Store aktualisieren. Eine PWA ist eine Verkn\u00fcpfung, die Sie \u00fcber Ihren Browser hinzuf\u00fcgen und die sich in einem app\u00e4hnlichen Fenster \u00f6ffnet. Sie bleibt schlank und verwendet einen kleinen Cache, um wiederholte Besuche zu beschleunigen.<\/p>\n<\/div><\/div><\/p>\n","protected":false},"excerpt":{"rendered":"<p>Happyjokers App Die Happyjokers App ist die einfachste M\u00f6glichkeit, unser Casino auf Ihrem Smartphone, Tablet oder Computer immer griffbereit zu haben. Wir betreiben sie als Progressive Web App (PWA), was bedeutet, dass Sie eine Verkn\u00fcpfung in Ihrem Browser hinzuf\u00fcgen und Happyjokers in einem app\u00e4hnlichen Fenster starten k\u00f6nnen. Spieler, die zwischen kurzen mobilen Sessions und l\u00e4ngeren [&hellip;]<\/p>\n","protected":false},"author":1,"featured_media":0,"parent":0,"menu_order":0,"comment_status":"closed","ping_status":"closed","template":"template-builder.php","meta":{"_acf_changed":false,"inline_featured_image":false,"footnotes":""},"class_list":["post-1461","page","type-page","status-publish","hentry"],"acf":[],"yoast_head":"<!-- This site is optimized with the Yoast SEO plugin v27.3 - https:\/\/yoast.com\/product\/yoast-seo-wordpress\/ -->\n<title>Installieren Sie die Happyjokers App: PWA f\u00fcr Android, iOS und PC<\/title>\n<meta name=\"description\" content=\"F\u00fcgen Sie die Happyjokers App Verkn\u00fcpfung zu Ihrem Browser hinzu und starten Sie das Casino in einem separaten Fenster. Nutzen Sie dasselbe Konto auf Android, iOS, Mac und Windows. Die schlanke PWA bietet in der Lobby schnellere Ladezeiten und Funktionen wie Kasse, 2FA und 24\/7-Live-Chat\/E-Mail-Support.\" \/>\n<meta name=\"robots\" content=\"index, follow, max-snippet:-1, max-image-preview:large, max-video-preview:-1\" \/>\n<link rel=\"canonical\" href=\"https:\/\/happyjokerscasino.org\/de\/app\/\" \/>\n<meta property=\"og:locale\" content=\"de_DE\" \/>\n<meta property=\"og:type\" content=\"article\" \/>\n<meta property=\"og:title\" content=\"Installieren Sie die Happyjokers App: PWA f\u00fcr Android, iOS und PC\" \/>\n<meta property=\"og:description\" content=\"F\u00fcgen Sie die Happyjokers App Verkn\u00fcpfung zu Ihrem Browser hinzu und starten Sie das Casino in einem separaten Fenster. Nutzen Sie dasselbe Konto auf Android, iOS, Mac und Windows. Die schlanke PWA bietet in der Lobby schnellere Ladezeiten und Funktionen wie Kasse, 2FA und 24\/7-Live-Chat\/E-Mail-Support.\" \/>\n<meta property=\"og:url\" content=\"https:\/\/happyjokerscasino.org\/de\/app\/\" \/>\n<meta property=\"og:site_name\" content=\"happyjokers\" \/>\n<meta property=\"article:modified_time\" content=\"2026-03-17T12:48:45+00:00\" \/>\n<meta name=\"twitter:card\" content=\"summary_large_image\" \/>\n<meta name=\"twitter:label1\" content=\"Gesch\u00e4tzte Lesezeit\" \/>\n\t<meta name=\"twitter:data1\" content=\"2\u00a0Minuten\" \/>\n<script type=\"application\/ld+json\" class=\"yoast-schema-graph\">{\"@context\":\"https:\\\/\\\/schema.org\",\"@graph\":[{\"@type\":\"WebPage\",\"@id\":\"https:\\\/\\\/happyjokerscasino.org\\\/de\\\/app\\\/\",\"url\":\"https:\\\/\\\/happyjokerscasino.org\\\/de\\\/app\\\/\",\"name\":\"Installieren Sie die Happyjokers App: PWA f\u00fcr Android, iOS und PC\",\"isPartOf\":{\"@id\":\"https:\\\/\\\/happyjokerscasino.org\\\/de\\\/#website\"},\"datePublished\":\"2026-03-17T10:19:08+00:00\",\"dateModified\":\"2026-03-17T12:48:45+00:00\",\"description\":\"F\u00fcgen Sie die Happyjokers App Verkn\u00fcpfung zu Ihrem Browser hinzu und starten Sie das Casino in einem separaten Fenster. Nutzen Sie dasselbe Konto auf Android, iOS, Mac und Windows. Die schlanke PWA bietet in der Lobby schnellere Ladezeiten und Funktionen wie Kasse, 2FA und 24\\\/7-Live-Chat\\\/E-Mail-Support.\",\"breadcrumb\":{\"@id\":\"https:\\\/\\\/happyjokerscasino.org\\\/de\\\/app\\\/#breadcrumb\"},\"inLanguage\":\"de\",\"potentialAction\":[{\"@type\":\"ReadAction\",\"target\":[\"https:\\\/\\\/happyjokerscasino.org\\\/de\\\/app\\\/\"]}]},{\"@type\":\"BreadcrumbList\",\"@id\":\"https:\\\/\\\/happyjokerscasino.org\\\/de\\\/app\\\/#breadcrumb\",\"itemListElement\":[{\"@type\":\"ListItem\",\"position\":1,\"name\":\"Happyjokers\",\"item\":\"https:\\\/\\\/happyjokerscasino.org\\\/de\\\/\"},{\"@type\":\"ListItem\",\"position\":2,\"name\":\"App\"}]},{\"@type\":\"WebSite\",\"@id\":\"https:\\\/\\\/happyjokerscasino.org\\\/de\\\/#website\",\"url\":\"https:\\\/\\\/happyjokerscasino.org\\\/de\\\/\",\"name\":\"Happyjokers\",\"description\":\"\",\"publisher\":{\"@id\":\"https:\\\/\\\/happyjokerscasino.org\\\/de\\\/#organization\"},\"potentialAction\":[{\"@type\":\"SearchAction\",\"target\":{\"@type\":\"EntryPoint\",\"urlTemplate\":\"https:\\\/\\\/happyjokerscasino.org\\\/de\\\/?s={search_term_string}\"},\"query-input\":{\"@type\":\"PropertyValueSpecification\",\"valueRequired\":true,\"valueName\":\"search_term_string\"}}],\"inLanguage\":\"de\"},{\"@type\":\"Organization\",\"@id\":\"https:\\\/\\\/happyjokerscasino.org\\\/de\\\/#organization\",\"name\":\"Happyjokers\",\"url\":\"https:\\\/\\\/happyjokerscasino.org\\\/de\\\/\",\"logo\":{\"@type\":\"ImageObject\",\"inLanguage\":\"de\",\"@id\":\"https:\\\/\\\/happyjokerscasino.org\\\/de\\\/#\\\/schema\\\/logo\\\/image\\\/\",\"url\":\"https:\\\/\\\/happyjokerscasino.org\\\/wp-content\\\/uploads\\\/2026\\\/03\\\/Casino-Logo-Desktop-2-1.png\",\"contentUrl\":\"https:\\\/\\\/happyjokerscasino.org\\\/wp-content\\\/uploads\\\/2026\\\/03\\\/Casino-Logo-Desktop-2-1.png\",\"width\":130,\"height\":50,\"caption\":\"Happyjokers\"},\"image\":{\"@id\":\"https:\\\/\\\/happyjokerscasino.org\\\/de\\\/#\\\/schema\\\/logo\\\/image\\\/\"}}]}<\/script>\n<!-- \/ Yoast SEO plugin. -->","yoast_head_json":{"title":"Installieren Sie die Happyjokers App: PWA f\u00fcr Android, iOS und PC","description":"F\u00fcgen Sie die Happyjokers App Verkn\u00fcpfung zu Ihrem Browser hinzu und starten Sie das Casino in einem separaten Fenster. Nutzen Sie dasselbe Konto auf Android, iOS, Mac und Windows. Die schlanke PWA bietet in der Lobby schnellere Ladezeiten und Funktionen wie Kasse, 2FA und 24\/7-Live-Chat\/E-Mail-Support.","robots":{"index":"index","follow":"follow","max-snippet":"max-snippet:-1","max-image-preview":"max-image-preview:large","max-video-preview":"max-video-preview:-1"},"canonical":"https:\/\/happyjokerscasino.org\/de\/app\/","og_locale":"de_DE","og_type":"article","og_title":"Installieren Sie die Happyjokers App: PWA f\u00fcr Android, iOS und PC","og_description":"F\u00fcgen Sie die Happyjokers App Verkn\u00fcpfung zu Ihrem Browser hinzu und starten Sie das Casino in einem separaten Fenster. Nutzen Sie dasselbe Konto auf Android, iOS, Mac und Windows. Die schlanke PWA bietet in der Lobby schnellere Ladezeiten und Funktionen wie Kasse, 2FA und 24\/7-Live-Chat\/E-Mail-Support.","og_url":"https:\/\/happyjokerscasino.org\/de\/app\/","og_site_name":"happyjokers","article_modified_time":"2026-03-17T12:48:45+00:00","twitter_card":"summary_large_image","twitter_misc":{"Gesch\u00e4tzte Lesezeit":"2\u00a0Minuten"},"schema":{"@context":"https:\/\/schema.org","@graph":[{"@type":"WebPage","@id":"https:\/\/happyjokerscasino.org\/de\/app\/","url":"https:\/\/happyjokerscasino.org\/de\/app\/","name":"Installieren Sie die Happyjokers App: PWA f\u00fcr Android, iOS und PC","isPartOf":{"@id":"https:\/\/happyjokerscasino.org\/de\/#website"},"datePublished":"2026-03-17T10:19:08+00:00","dateModified":"2026-03-17T12:48:45+00:00","description":"F\u00fcgen Sie die Happyjokers App Verkn\u00fcpfung zu Ihrem Browser hinzu und starten Sie das Casino in einem separaten Fenster. Nutzen Sie dasselbe Konto auf Android, iOS, Mac und Windows. Die schlanke PWA bietet in der Lobby schnellere Ladezeiten und Funktionen wie Kasse, 2FA und 24\/7-Live-Chat\/E-Mail-Support.","breadcrumb":{"@id":"https:\/\/happyjokerscasino.org\/de\/app\/#breadcrumb"},"inLanguage":"de","potentialAction":[{"@type":"ReadAction","target":["https:\/\/happyjokerscasino.org\/de\/app\/"]}]},{"@type":"BreadcrumbList","@id":"https:\/\/happyjokerscasino.org\/de\/app\/#breadcrumb","itemListElement":[{"@type":"ListItem","position":1,"name":"Happyjokers","item":"https:\/\/happyjokerscasino.org\/de\/"},{"@type":"ListItem","position":2,"name":"App"}]},{"@type":"WebSite","@id":"https:\/\/happyjokerscasino.org\/de\/#website","url":"https:\/\/happyjokerscasino.org\/de\/","name":"Happyjokers","description":"","publisher":{"@id":"https:\/\/happyjokerscasino.org\/de\/#organization"},"potentialAction":[{"@type":"SearchAction","target":{"@type":"EntryPoint","urlTemplate":"https:\/\/happyjokerscasino.org\/de\/?s={search_term_string}"},"query-input":{"@type":"PropertyValueSpecification","valueRequired":true,"valueName":"search_term_string"}}],"inLanguage":"de"},{"@type":"Organization","@id":"https:\/\/happyjokerscasino.org\/de\/#organization","name":"Happyjokers","url":"https:\/\/happyjokerscasino.org\/de\/","logo":{"@type":"ImageObject","inLanguage":"de","@id":"https:\/\/happyjokerscasino.org\/de\/#\/schema\/logo\/image\/","url":"https:\/\/happyjokerscasino.org\/wp-content\/uploads\/2026\/03\/Casino-Logo-Desktop-2-1.png","contentUrl":"https:\/\/happyjokerscasino.org\/wp-content\/uploads\/2026\/03\/Casino-Logo-Desktop-2-1.png","width":130,"height":50,"caption":"Happyjokers"},"image":{"@id":"https:\/\/happyjokerscasino.org\/de\/#\/schema\/logo\/image\/"}}]}},"_links":{"self":[{"href":"https:\/\/happyjokerscasino.org\/de\/wp-json\/wp\/v2\/pages\/1461","targetHints":{"allow":["GET"]}}],"collection":[{"href":"https:\/\/happyjokerscasino.org\/de\/wp-json\/wp\/v2\/pages"}],"about":[{"href":"https:\/\/happyjokerscasino.org\/de\/wp-json\/wp\/v2\/types\/page"}],"author":[{"embeddable":true,"href":"https:\/\/happyjokerscasino.org\/de\/wp-json\/wp\/v2\/users\/1"}],"replies":[{"embeddable":true,"href":"https:\/\/happyjokerscasino.org\/de\/wp-json\/wp\/v2\/comments?post=1461"}],"version-history":[{"count":2,"href":"https:\/\/happyjokerscasino.org\/de\/wp-json\/wp\/v2\/pages\/1461\/revisions"}],"predecessor-version":[{"id":1675,"href":"https:\/\/happyjokerscasino.org\/de\/wp-json\/wp\/v2\/pages\/1461\/revisions\/1675"}],"wp:attachment":[{"href":"https:\/\/happyjokerscasino.org\/de\/wp-json\/wp\/v2\/media?parent=1461"}],"curies":[{"name":"wp","href":"https:\/\/api.w.org\/{rel}","templated":true}]}}